{"id":10,"date":"2016-06-22T09:33:24","date_gmt":"2016-06-22T09:33:24","guid":{"rendered":"http:\/\/docentes.fundacionginer.org\/?page_id=10"},"modified":"2019-03-25T10:56:16","modified_gmt":"2019-03-25T10:56:16","slug":"quienes-somos","status":"publish","type":"page","link":"https:\/\/docentes.fundacionginer.org\/index.php\/quienes-somos\/","title":{"rendered":"D\u00f3nde estamos"},"content":{"rendered":"<div class=\"_4nq6\"><img loading=\"lazy\" class=\" wp-image-36 alignleft\" src=\"http:\/\/docentes.fundacionginer.org\/wp-content\/uploads\/2016\/06\/miniatura2.jpg\" sizes=\"(max-width: 300px) 100vw, 300px\" srcset=\"http:\/\/docentes.fundacionginer.org\/wp-content\/uploads\/2016\/06\/miniatura2.jpg 300w, http:\/\/localhost\/profesores\/wp-content\/uploads\/2016\/06\/miniatura2-150x150.jpg 150w\" alt=\"miniatura2\" width=\"338\" height=\"338\" \/><strong>INSTITUCI\u00d3N LIBRE DE ENSE\u00d1ANZA<br \/>\n<\/strong><\/div>\n<div class=\"_4nq6\"><strong>FUNDACI\u00d3N FRANCISCO GINER DE LOS R\u00cdOS<\/strong><\/div>\n<div class=\"_4nq6\"><strong>Paseo del General Mart\u00ednez Campos, 14 <\/strong><\/div>\n<div class=\"_4nq6\"><strong>28010 Madrid<\/strong><\/div>\n<div class=\"_4nq6\"><\/div>\n<p class=\"_4nq6\"><strong>Tel\u00e9fono:<\/strong> +34 91 4460197<br \/>\n<strong>Fax:<\/strong> +34 91 446 80 68<\/p>\n<p class=\"_4nq6\"><strong>Correo electr\u00f3nico:<\/strong> <a href=\"mailto:ile@fundacionginer.org\">ile@fundacionginer.org<\/a><br \/>\n<strong>Web:<\/strong> <a href=\"http:\/\/www.fundacionginer.org\" target=\"_blank\" rel=\"noopener noreferrer\">http:\/\/www.fundacionginer.org<\/a><\/p>\n<p class=\"_4nq6\"><strong>Transporte p\u00fablico:<\/strong><br \/>\nMetro: Iglesia y Rub\u00e9n Dar\u00edo<br \/>\nAutobuses: 16, 61, 5 y 3<\/p>\n<p><iframe loading=\"lazy\" style=\"border: 0;\" src=\"https:\/\/www.google.com\/maps\/embed?pb=!1m18!1m12!1m3!1d3036.8272585557793!2d-3.698959384603517!3d40.43482377936308!2m3!1f0!2f0!3f0!3m2!1i1024!2i768!4f13.1!3m3!1m2!1s0xd4228f36bb75337%3A0xe5936740204d34bd!2sFundaci%C3%B3n+Francisco+Giner+De+Los+R%C3%ADos!5e0!3m2!1ses!2ses!4v1466420889498\" width=\"100%\" height=\"450\" frameborder=\"0\" allowfullscreen=\"allowfullscreen\"><\/iframe><\/p>\n","protected":false},"excerpt":{"rendered":"<p>INSTITUCI\u00d3N LIBRE DE ENSE\u00d1ANZA FUNDACI\u00d3N FRANCISCO GINER DE LOS R\u00cdOS Paseo del General Mart\u00ednez Campos, 14 28010 Madrid Tel\u00e9fono: +34 91 4460197 Fax: +34 91 446 80 68 Correo electr\u00f3nico: ile@fundacionginer.org Web: http:\/\/www.fundacionginer.org Transporte p\u00fablico: Metro: Iglesia y Rub\u00e9n Dar\u00edo Autobuses: 16, 61, 5 y 3<\/p>\n","protected":false},"author":1,"featured_media":0,"parent":0,"menu_order":0,"comment_status":"closed","ping_status":"closed","template":"page-fullwidth.php","meta":[],"_links":{"self":[{"href":"https:\/\/docentes.fundacionginer.org\/index.php\/wp-json\/wp\/v2\/pages\/10"}],"collection":[{"href":"https:\/\/docentes.fundacionginer.org\/index.php\/wp-json\/wp\/v2\/pages"}],"about":[{"href":"https:\/\/docentes.fundacionginer.org\/index.php\/wp-json\/wp\/v2\/types\/page"}],"author":[{"embeddable":true,"href":"https:\/\/docentes.fundacionginer.org\/index.php\/wp-json\/wp\/v2\/users\/1"}],"replies":[{"embeddable":true,"href":"https:\/\/docentes.fundacionginer.org\/index.php\/wp-json\/wp\/v2\/comments?post=10"}],"version-history":[{"count":9,"href":"https:\/\/docentes.fundacionginer.org\/index.php\/wp-json\/wp\/v2\/pages\/10\/revisions"}],"predecessor-version":[{"id":498,"href":"https:\/\/docentes.fundacionginer.org\/index.php\/wp-json\/wp\/v2\/pages\/10\/revisions\/498"}],"wp:attachment":[{"href":"https:\/\/docentes.fundacionginer.org\/index.php\/wp-json\/wp\/v2\/media?parent=10"}],"curies":[{"name":"wp","href":"https:\/\/api.w.org\/{rel}","templated":true}]}}